{"id":5173,"date":"2022-03-11T22:43:56","date_gmt":"2022-03-11T21:43:56","guid":{"rendered":"http:\/\/www.herrljungahotell.se\/bistro\/"},"modified":"2025-09-12T07:37:56","modified_gmt":"2025-09-12T06:37:56","slug":"bistro","status":"publish","type":"page","link":"https:\/\/www.herrljungahotell.se\/en\/bistro\/","title":{"rendered":"Bistro"},"content":{"rendered":"<p>[et_pb_section fb_built=&#8221;1&#8243; fullwidth=&#8221;on&#8221; disabled_on=&#8221;off|off|off&#8221; admin_label=&#8221;Hero&#8221; _builder_version=&#8221;4.20.1&#8243; background_color=&#8221;#1f1f1f&#8221; parallax=&#8221;on&#8221; custom_padding=&#8221;|||&#8221; transparent_background=&#8221;on&#8221; global_colors_info=&#8221;{}&#8221;][et_pb_fullwidth_header title=&#8221;Bistro &#038; Bar&#8221; text_orientation=&#8221;center&#8221; header_fullscreen=&#8221;on&#8221; header_scroll_down=&#8221;on&#8221; scroll_down_icon=&#8221;%%0%%&#8221; scroll_down_icon_color=&#8221;#ffffff&#8221; scroll_down_icon_size=&#8221;32px&#8221; button_two_text=&#8221;\u00c0 LA CARTE MENU&#8221; button_two_url=&#8221;https:\/\/www.herrljungahotell.se\/wp-content\/uploads\/Meny-alacarte-12092025.pdf&#8221; background_overlay_color=&#8221;rgba(31,31,31,0.8)&#8221; subhead_font_color=&#8221;#bebebe&#8221; _builder_version=&#8221;4.27.4&#8243; title_font=&#8221;Playfair Display||||&#8221; title_text_color=&#8221;#ffffff&#8221; title_font_size=&#8221;72px&#8221; title_line_height=&#8221;1.3em&#8221; content_font=&#8221;Montserrat||||&#8221; content_text_color=&#8221;#bfbfbf&#8221; content_font_size=&#8221;19px&#8221; content_line_height=&#8221;1.8em&#8221; subhead_font=&#8221;Montserrat||||&#8221; subhead_text_color=&#8221;#bebebe&#8221; subhead_line_height=&#8221;1.8em&#8221; background_color=&#8221;rgba(255, 255, 255, 0)&#8221; background_image=&#8221;https:\/\/www.herrljungahotell.se\/wp-content\/uploads\/Bistro-1-760&#215;400.jpg&#8221; parallax=&#8221;on&#8221; parallax_method=&#8221;on&#8221; custom_button_one=&#8221;on&#8221; button_one_text_size=&#8221;15px&#8221; button_one_text_color=&#8221;#ffffff&#8221; button_one_border_width=&#8221;2px&#8221; button_one_border_color=&#8221;#ffffff&#8221; button_one_border_radius=&#8221;0px&#8221; button_one_letter_spacing=&#8221;1px&#8221; button_one_font=&#8221;Montserrat|||on|&#8221; button_one_use_icon=&#8221;off&#8221; custom_button_two=&#8221;on&#8221; button_two_text_size=&#8221;16px&#8221; button_two_text_color=&#8221;#ffffff&#8221; button_two_border_width=&#8221;2px&#8221; button_two_border_color=&#8221;#FFFFFF&#8221; button_two_border_radius=&#8221;0px&#8221; button_two_letter_spacing=&#8221;1px&#8221; button_two_font=&#8221;Montserrat||||||||&#8221; button_two_use_icon=&#8221;off&#8221; animation_style=&#8221;zoom&#8221; animation_duration=&#8221;1500ms&#8221; animation_intensity_zoom=&#8221;4%&#8221; title_font_size_tablet=&#8221;72px&#8221; title_font_size_phone=&#8221;48px&#8221; title_font_size_last_edited=&#8221;on|phone&#8221; title_line_height_last_edited=&#8221;off|desktop&#8221; button_one_border_radius_hover=&#8221;0px&#8221; button_one_letter_spacing_hover=&#8221;1px&#8221; button_two_letter_spacing_hover=&#8221;1px&#8221; global_colors_info=&#8221;{}&#8221; button_one_text_size__hover_enabled=&#8221;off&#8221; button_two_text_size__hover_enabled=&#8221;off&#8221; button_one_text_color__hover_enabled=&#8221;off&#8221; button_two_text_color__hover_enabled=&#8221;off&#8221; button_one_border_width__hover_enabled=&#8221;off&#8221; button_two_border_width__hover_enabled=&#8221;off&#8221; button_one_border_color__hover_enabled=&#8221;off&#8221; button_two_border_color__hover_enabled=&#8221;off&#8221; button_one_border_radius__hover_enabled=&#8221;on&#8221; button_one_border_radius__hover=&#8221;0px&#8221; button_two_border_radius__hover_enabled=&#8221;off&#8221; button_one_letter_spacing__hover_enabled=&#8221;on&#8221; button_one_letter_spacing__hover=&#8221;1px&#8221; button_two_letter_spacing__hover_enabled=&#8221;on&#8221; button_two_letter_spacing__hover=&#8221;1px&#8221; button_one_bg_color__hover_enabled=&#8221;off&#8221; button_two_bg_color__hover_enabled=&#8221;off&#8221;]<\/p>\n<p>Monday \u2013 Friday 17:00 \u2013 23:00<br \/>Saturday 12:00 \u2013 22:00<\/p>\n<p>&nbsp;<\/p>\n<p>[\/et_pb_fullwidth_header][\/et_pb_section][et_pb_section fb_built=&#8221;1&#8243; fullwidth=&#8221;on&#8221; disabled_on=&#8221;on|on|on&#8221; admin_label=&#8221;Hero&#8221; _builder_version=&#8221;4.20.1&#8243; background_color=&#8221;#1f1f1f&#8221; parallax=&#8221;on&#8221; custom_padding=&#8221;|||&#8221; transparent_background=&#8221;on&#8221; disabled=&#8221;on&#8221; global_colors_info=&#8221;{}&#8221;][et_pb_fullwidth_header title=&#8221;Bistro &#038; Bar&#8221; text_orientation=&#8221;center&#8221; header_fullscreen=&#8221;on&#8221; header_scroll_down=&#8221;on&#8221; scroll_down_icon=&#8221;%%0%%&#8221; scroll_down_icon_color=&#8221;#ffffff&#8221; scroll_down_icon_size=&#8221;32px&#8221; button_one_text=&#8221;\u00c0 la carte meny&#8221; button_one_url=&#8221;https:\/\/www.herrljungahotell.se\/wp-content\/uploads\/Meny-a-la-carte-2023.pdf&#8221; background_overlay_color=&#8221;rgba(31,31,31,0.8)&#8221; subhead_font_color=&#8221;#bebebe&#8221; admin_label=&#8221;Sommarst\u00e4ngt 2023&#8243; _builder_version=&#8221;4.21.0&#8243; title_font=&#8221;Playfair Display||||&#8221; title_text_color=&#8221;#ffffff&#8221; title_font_size=&#8221;72px&#8221; title_line_height=&#8221;1.3em&#8221; content_font=&#8221;Montserrat||||&#8221; content_text_color=&#8221;#bfbfbf&#8221; content_font_size=&#8221;19px&#8221; content_line_height=&#8221;1.8em&#8221; subhead_font=&#8221;Montserrat||||&#8221; subhead_text_color=&#8221;#bebebe&#8221; subhead_line_height=&#8221;1.8em&#8221; background_color=&#8221;rgba(255, 255, 255, 0)&#8221; background_image=&#8221;https:\/\/www.herrljungahotell.se\/wp-content\/uploads\/Bistro-1-760&#215;400.jpg&#8221; parallax=&#8221;on&#8221; parallax_method=&#8221;on&#8221; custom_button_one=&#8221;on&#8221; button_one_text_size=&#8221;15px&#8221; button_one_text_color=&#8221;#ffffff&#8221; button_one_border_width=&#8221;2px&#8221; button_one_border_color=&#8221;#ffffff&#8221; button_one_border_radius=&#8221;0px&#8221; button_one_letter_spacing=&#8221;1px&#8221; button_one_font=&#8221;Montserrat|||on|&#8221; button_one_use_icon=&#8221;off&#8221; custom_button_two=&#8221;on&#8221; button_two_text_size=&#8221;15px&#8221; button_two_text_color=&#8221;#ffffff&#8221; button_two_bg_color=&#8221;#c39d63&#8243; button_two_border_width=&#8221;2px&#8221; button_two_border_color=&#8221;#c39d63&#8243; button_two_border_radius=&#8221;0px&#8221; button_two_letter_spacing=&#8221;1px&#8221; button_two_font=&#8221;Montserrat|||on|&#8221; button_two_use_icon=&#8221;off&#8221; animation_style=&#8221;zoom&#8221; animation_duration=&#8221;1500ms&#8221; animation_intensity_zoom=&#8221;4%&#8221; title_font_size_tablet=&#8221;72px&#8221; title_font_size_phone=&#8221;48px&#8221; title_font_size_last_edited=&#8221;on|phone&#8221; title_line_height_last_edited=&#8221;off|desktop&#8221; button_one_border_radius_hover=&#8221;0px&#8221; button_one_letter_spacing_hover=&#8221;1px&#8221; button_two_letter_spacing_hover=&#8221;1px&#8221; global_colors_info=&#8221;{}&#8221; button_one_text_size__hover_enabled=&#8221;off&#8221; button_two_text_size__hover_enabled=&#8221;off&#8221; button_one_text_color__hover_enabled=&#8221;off&#8221; button_two_text_color__hover_enabled=&#8221;off&#8221; button_one_border_width__hover_enabled=&#8221;off&#8221; button_two_border_width__hover_enabled=&#8221;off&#8221; button_one_border_color__hover_enabled=&#8221;off&#8221; button_two_border_color__hover_enabled=&#8221;off&#8221; button_one_border_radius__hover_enabled=&#8221;on&#8221; button_one_border_radius__hover=&#8221;0px&#8221; button_two_border_radius__hover_enabled=&#8221;off&#8221; button_one_letter_spacing__hover_enabled=&#8221;on&#8221; button_one_letter_spacing__hover=&#8221;1px&#8221; button_two_letter_spacing__hover_enabled=&#8221;on&#8221; button_two_letter_spacing__hover=&#8221;1px&#8221; button_one_bg_color__hover_enabled=&#8221;off&#8221; button_two_bg_color__hover_enabled=&#8221;off&#8221;]<\/p>\n<p>Sommarst\u00e4ngt<\/p>\n<p>\u00d6ppnar \u00e5terigen m\u00e5ndag 7 augusti<\/p>\n<p>&nbsp;<\/p>\n<p>[\/et_pb_fullwidth_header][\/et_pb_section][et_pb_section fb_built=&#8221;1&#8243; _builder_version=&#8221;4.20.1&#8243; _module_preset=&#8221;default&#8221; background_color=&#8221;#dddddd&#8221; global_colors_info=&#8221;{}&#8221;][et_pb_row _builder_version=&#8221;4.20.1&#8243; _module_preset=&#8221;default&#8221; global_colors_info=&#8221;{}&#8221;][et_pb_column type=&#8221;4_4&#8243; _builder_version=&#8221;4.20.1&#8243; _module_preset=&#8221;default&#8221; global_colors_info=&#8221;{}&#8221;][et_pb_text _builder_version=&#8221;4.20.1&#8243; _module_preset=&#8221;default&#8221; global_colors_info=&#8221;{}&#8221;]<\/p>\n<h2 style=\"text-align: center;\">Welcome into our bistro for a nice evening!<\/h2>\n<p>[\/et_pb_text][\/et_pb_column][\/et_pb_row][\/et_pb_section][et_pb_section fb_built=&#8221;1&#8243; _builder_version=&#8221;4.20.1&#8243; _module_preset=&#8221;default&#8221; global_colors_info=&#8221;{}&#8221;][et_pb_row column_structure=&#8221;1_2,1_2&#8243; _builder_version=&#8221;4.21.0&#8243; _module_preset=&#8221;default&#8221; global_colors_info=&#8221;{}&#8221;][et_pb_column type=&#8221;1_2&#8243; admin_label=&#8221;Bild&#8221; _builder_version=&#8221;4.21.0&#8243; _module_preset=&#8221;default&#8221; global_colors_info=&#8221;{}&#8221;][et_pb_image src=&#8221;https:\/\/www.herrljungahotell.se\/wp-content\/uploads\/Bistro-1-760&#215;400.jpg&#8221; alt=&#8221;Bistro James Grieve&#8221; title_text=&#8221;Bistro-1-(760&#215;400)&#8221; _builder_version=&#8221;4.20.1&#8243; _module_preset=&#8221;default&#8221; global_colors_info=&#8221;{}&#8221;][\/et_pb_image][\/et_pb_column][et_pb_column type=&#8221;1_2&#8243; admin_label=&#8221;Text&#8221; _builder_version=&#8221;4.21.0&#8243; _module_preset=&#8221;default&#8221; global_colors_info=&#8221;{}&#8221;][et_pb_text _builder_version=&#8221;4.21.0&#8243; _module_preset=&#8221;default&#8221; global_colors_info=&#8221;{}&#8221;]<\/p>\n<h4>\u00c0 la Carte &amp; Bar<\/h4>\n<p>Here you can enjoy a good dinner, or just order something at the bar. Sometimes it&#8217;s sports, sometimes good mood music &#8211; there&#8217;s something here for everyone.<\/p>\n<p>&nbsp;<\/p>\n<h5>Party time? Anniversary celebration?<\/h5>\n<p>No matter what reason you have to celebrate, we are here and happy to help! If you wish to book a private party, there is an opportunity to organize a really wonderful evening. Contact us with your request.<\/p>\n<p>[\/et_pb_text][\/et_pb_column][\/et_pb_row][\/et_pb_section][et_pb_section fb_built=&#8221;1&#8243; _builder_version=&#8221;4.21.0&#8243; _module_preset=&#8221;default&#8221; background_color=&#8221;#dddddd&#8221; global_colors_info=&#8221;{}&#8221;][et_pb_row column_structure=&#8221;1_2,1_2&#8243; _builder_version=&#8221;4.21.0&#8243; _module_preset=&#8221;default&#8221; global_colors_info=&#8221;{}&#8221;][et_pb_column type=&#8221;1_2&#8243; admin_label=&#8221;Text&#8221; _builder_version=&#8221;4.21.0&#8243; _module_preset=&#8221;default&#8221; global_colors_info=&#8221;{}&#8221;][et_pb_text _builder_version=&#8221;4.21.0&#8243; _module_preset=&#8221;default&#8221; global_colors_info=&#8221;{}&#8221;]<\/p>\n<h4>Combine meeting with dinner!<\/h4>\n<p class=\"p1\">In our bistro, we offer the opportunity to meet in a cozy environment.<\/p>\n<p class=\"p1\">The room is fully equipped with sound and screen for a connected conference. Or why not schedule both the board meeting and dinner?<\/p>\n<p>[\/et_pb_text][et_pb_button button_url=&#8221;https:\/\/www.herrljungahotell.se\/konferens\/#konferensbokning&#8221; button_text=&#8221;Contact us with your request&#8221; admin_label=&#8221;Knapp till kontaktformul\u00e4r&#8221; _builder_version=&#8221;4.22.2&#8243; _module_preset=&#8221;default&#8221; custom_button=&#8221;on&#8221; button_text_size=&#8221;16px&#8221; button_text_color=&#8221;#FFFFFF&#8221; button_bg_color=&#8221;#8a784a&#8221; button_border_color=&#8221;RGBA(255,255,255,0)&#8221; button_border_radius=&#8221;0px&#8221; button_font=&#8221;|||on|||||&#8221; global_colors_info=&#8221;{}&#8221; button_letter_spacing__hover=&#8221;1px&#8221; button_letter_spacing__hover_enabled=&#8221;on&#8221;][\/et_pb_button][\/et_pb_column][et_pb_column type=&#8221;1_2&#8243; admin_label=&#8221;Bild&#8221; _builder_version=&#8221;4.21.0&#8243; _module_preset=&#8221;default&#8221; global_colors_info=&#8221;{}&#8221;][et_pb_image src=&#8221;https:\/\/www.herrljungahotell.se\/wp-content\/uploads\/Bistro-1-760&#215;400.jpg&#8221; alt=&#8221;Bistro James Grieve&#8221; title_text=&#8221;Bistro-1-(760&#215;400)&#8221; _builder_version=&#8221;4.20.1&#8243; _module_preset=&#8221;default&#8221; global_colors_info=&#8221;{}&#8221;][\/et_pb_image][\/et_pb_column][\/et_pb_row][\/et_pb_section][et_pb_section fb_built=&#8221;1&#8243; _builder_version=&#8221;4.20.1&#8243; _module_preset=&#8221;default&#8221; saved_tabs=&#8221;all&#8221; global_colors_info=&#8221;{}&#8221;][et_pb_row _builder_version=&#8221;4.20.1&#8243; _module_preset=&#8221;default&#8221; global_colors_info=&#8221;{}&#8221;][et_pb_column type=&#8221;4_4&#8243; _builder_version=&#8221;4.20.1&#8243; _module_preset=&#8221;default&#8221; global_colors_info=&#8221;{}&#8221;][et_pb_text _builder_version=&#8221;4.22.2&#8243; _module_preset=&#8221;default&#8221; global_colors_info=&#8221;{}&#8221;]<\/p>\n<h1 style=\"text-align: center;\">Pictures<\/h1>\n<p>[\/et_pb_text][dmg_masonry_gallery gallery=&#8221;3135,3133,3132,3131,3125,3121,3109,3111,3355,3356,3359,3361,3363,3362,3358&#8243; display_gallery_categories=&#8221;on&#8221; gallery_categories=&#8221;33,34&#8243; gallery_categories_all_text=&#8221;All pictures&#8221; gallery_buttons_background=&#8221;rgba(138,120,74,0.66)&#8221; gallery_buttons_background_active=&#8221;#8a784a&#8221; filter_padding=&#8221;15px|20px|15px|15px|true|false&#8221; _builder_version=&#8221;4.22.2&#8243; _module_preset=&#8221;default&#8221; border_width_all_filter=&#8221;2px&#8221; border_color_all_filter=&#8221;#FFFFFF&#8221; box_shadow_style_filter=&#8221;preset3&#8243; global_colors_info=&#8221;{}&#8221;][\/dmg_masonry_gallery][\/et_pb_column][\/et_pb_row][et_pb_row _builder_version=&#8221;4.20.1&#8243; _module_preset=&#8221;default&#8221; custom_margin=&#8221;-580px|auto||auto||&#8221; global_colors_info=&#8221;{}&#8221;][et_pb_column type=&#8221;4_4&#8243; _builder_version=&#8221;4.20.1&#8243; _module_preset=&#8221;default&#8221; global_colors_info=&#8221;{}&#8221;][\/et_pb_column][\/et_pb_row][\/et_pb_section][et_pb_section fb_built=&#8221;1&#8243; _builder_version=&#8221;4.20.1&#8243; _module_preset=&#8221;default&#8221; global_colors_info=&#8221;{}&#8221;][et_pb_row column_structure=&#8221;1_2,1_2&#8243; _builder_version=&#8221;4.20.1&#8243; _module_preset=&#8221;default&#8221; global_colors_info=&#8221;{}&#8221;][et_pb_column type=&#8221;1_2&#8243; _builder_version=&#8221;4.20.1&#8243; _module_preset=&#8221;default&#8221; global_colors_info=&#8221;{}&#8221;][et_pb_text _builder_version=&#8221;4.22.2&#8243; _module_preset=&#8221;default&#8221; global_colors_info=&#8221;{}&#8221;]<\/p>\n<h5 class=\"p1\" style=\"text-align: right;\">It&#8217;s great that we can now offer our guests to settle in the venue that we worked so hard on. I have to pinch my arm. Once you&#8217;re in, you won&#8217;t want to leave.<\/h5>\n<p class=\"p1\" style=\"text-align: right;\">&#8211; Stefan Mikulic, Hotel Manager<\/p>\n<p>[\/et_pb_text][\/et_pb_column][et_pb_column type=&#8221;1_2&#8243; _builder_version=&#8221;4.20.1&#8243; _module_preset=&#8221;default&#8221; global_colors_info=&#8221;{}&#8221;][et_pb_image src=&#8221;https:\/\/www.herrljungahotell.se\/wp-content\/uploads\/Bistro-stefan-380&#215;400.jpg&#8221; title_text=&#8221;Bistro-stefan-(380&#215;400)&#8221; _builder_version=&#8221;4.20.1&#8243; _module_preset=&#8221;default&#8221; global_colors_info=&#8221;{}&#8221;][\/et_pb_image][\/et_pb_column][\/et_pb_row][\/et_pb_section]<\/p>\n","protected":false},"excerpt":{"rendered":"<p>Monday \u2013 Friday 17:00 \u2013 23:00Saturday 12:00 \u2013 22:00 &nbsp;Sommarst\u00e4ngt \u00d6ppnar \u00e5terigen m\u00e5ndag 7 augusti &nbsp;Welcome into our bistro for a nice evening!\u00c0 la Carte &amp; Bar Here you can enjoy a good dinner, or just order something at the bar. Sometimes it&#8217;s sports, sometimes good mood music &#8211; there&#8217;s something here for everyone. &nbsp; [&hellip;]<\/p>\n","protected":false},"author":9,"featured_media":4995,"parent":0,"menu_order":0,"comment_status":"closed","ping_status":"closed","template":"","meta":{"_et_pb_use_builder":"on","_et_pb_old_content":"<h1>Sl\u00e5 dig ner i v\u00e5r nyrenoverade bistro \u2013 f\u00f6r konferens eller fotbollskv\u00e4ll<\/h1>\nEn ih\u00e4rdig pandemi tvingade oss att t\u00e4nka om p\u00e5 m\u00e5nga s\u00e4tt. N\u00e4r restriktioner bidrog till f\u00f6r lite arbete i v\u00e5r vanliga verksamhet bytte vi ut f\u00f6rkl\u00e4den mot snickarbyxor och&nbsp;drog ig\u00e5ng&nbsp;en ordentlig renovering. H\u00e4r m\u00f6tte tidigare v\u00e5ra konferensg\u00e4ster och&nbsp;andra s\u00e4llskap vita v\u00e4ggar och klassisk konferensm\u00f6blering, men nu v\u00e4lkomnar vi er in i en lokal som kan&nbsp;bjuda in till mycket mer.\n<p class=\"p1\">Dagtid finns m\u00f6jligheten att konferera&nbsp;i en annorlunda milj\u00f6. Lokalen \u00e4r fullt utrustad med alla tekniska l\u00f6sningar som kr\u00e4vs. Kv\u00e4llstid serveras h\u00e4r \u00e1 la carte f\u00f6r s\u00e5v\u00e4l&nbsp;hotellg\u00e4ster som allm\u00e4nhet.<\/p>\n\n<h5><span style=\"color: #8a784a;\"><a style=\"color: #8a784a;\" href=\"http:\/\/www.herrljungahotell.se\/wp-content\/uploads\/Meny-a-la-carte-2023.pdf\">\u00c0 LA CARTE MENY (PDF)<\/a><\/span><\/h5>\n<p class=\"p1\"><img class=\"size-full wp-image-3121 aligncenter\" src=\"http:\/\/www.herrljungahotell.se\/wp-content\/uploads\/Bistro-1-760x400.jpg\" alt=\"Bistro\" width=\"1520\" height=\"920\"><\/p>\n<p class=\"p1\"><img class=\"alignnone size-full wp-image-3126 alignright\" src=\"http:\/\/www.herrljungahotell.se\/wp-content\/uploads\/Bistro-stefan-190x230.jpg\" alt=\"Stefan Mikulic hotellchef\" width=\"380\" height=\"460\"><\/p>\n<p class=\"p1\" style=\"text-align: right;\"><\/p>\n<p class=\"p1\" style=\"text-align: right;\"><\/p>\n<p class=\"p1\" style=\"text-align: right;\"><em>Det \u00e4r fantastiskt att vi nu kan erbjuda&nbsp;v\u00e5ra g\u00e4ster att sl\u00e5 sig ner i lokalen som vi slitit s\u00e5 h\u00e5rt med.\nJag f\u00e5r nypa mig i armen.&nbsp;N\u00e4r du v\u00e4l kommit in vill du inte l\u00e4mna.<\/em><\/p>\n<p class=\"p1\" style=\"text-align: right;\"><em> - Stefan Mikulic, hotellchef\n<\/em><\/p>","_et_gb_content_width":"2880","footnotes":""},"class_list":["post-5173","page","type-page","status-publish","has-post-thumbnail","hentry"],"_links":{"self":[{"href":"https:\/\/www.herrljungahotell.se\/en\/wp-json\/wp\/v2\/pages\/5173","targetHints":{"allow":["GET"]}}],"collection":[{"href":"https:\/\/www.herrljungahotell.se\/en\/wp-json\/wp\/v2\/pages"}],"about":[{"href":"https:\/\/www.herrljungahotell.se\/en\/wp-json\/wp\/v2\/types\/page"}],"author":[{"embeddable":true,"href":"https:\/\/www.herrljungahotell.se\/en\/wp-json\/wp\/v2\/users\/9"}],"replies":[{"embeddable":true,"href":"https:\/\/www.herrljungahotell.se\/en\/wp-json\/wp\/v2\/comments?post=5173"}],"version-history":[{"count":6,"href":"https:\/\/www.herrljungahotell.se\/en\/wp-json\/wp\/v2\/pages\/5173\/revisions"}],"predecessor-version":[{"id":6745,"href":"https:\/\/www.herrljungahotell.se\/en\/wp-json\/wp\/v2\/pages\/5173\/revisions\/6745"}],"wp:featuredmedia":[{"embeddable":true,"href":"https:\/\/www.herrljungahotell.se\/en\/wp-json\/wp\/v2\/media\/4995"}],"wp:attachment":[{"href":"https:\/\/www.herrljungahotell.se\/en\/wp-json\/wp\/v2\/media?parent=5173"}],"curies":[{"name":"wp","href":"https:\/\/api.w.org\/{rel}","templated":true}]}}