{"id":5194,"date":"2016-02-16T16:37:25","date_gmt":"2016-02-16T15:37:25","guid":{"rendered":"http:\/\/www.herrljungahotell.se\/bilder\/"},"modified":"2023-09-26T08:36:05","modified_gmt":"2023-09-26T07:36:05","slug":"bilder","status":"publish","type":"page","link":"https:\/\/www.herrljungahotell.se\/en\/bilder\/","title":{"rendered":"Bilder"},"content":{"rendered":"<p>[et_pb_section fb_built=&#8221;1&#8243; admin_label=&#8221;section&#8221; _builder_version=&#8221;4.16&#8243; global_colors_info=&#8221;{}&#8221;][et_pb_row admin_label=&#8221;row&#8221; _builder_version=&#8221;4.16&#8243; background_size=&#8221;initial&#8221; background_position=&#8221;top_left&#8221; background_repeat=&#8221;repeat&#8221; global_colors_info=&#8221;{}&#8221;][et_pb_column type=&#8221;4_4&#8243; _builder_version=&#8221;4.16&#8243; custom_padding=&#8221;|||&#8221; global_colors_info=&#8221;{}&#8221; custom_padding__hover=&#8221;|||&#8221;][et_pb_text admin_label=&#8221;Text&#8221; _builder_version=&#8221;4.20.1&#8243; background_size=&#8221;initial&#8221; background_position=&#8221;top_left&#8221; background_repeat=&#8221;repeat&#8221; global_colors_info=&#8221;{}&#8221;]<\/p>\n<h1 style=\"text-align: center;\">Welcome to take a look!<\/h1>\n<p>[\/et_pb_text][\/et_pb_column][\/et_pb_row][et_pb_row _builder_version=&#8221;4.20.1&#8243; _module_preset=&#8221;default&#8221; global_colors_info=&#8221;{}&#8221;][et_pb_column type=&#8221;4_4&#8243; _builder_version=&#8221;4.20.1&#8243; _module_preset=&#8221;default&#8221; global_colors_info=&#8221;{}&#8221;][dmg_masonry_gallery gallery=&#8221;3354,3355,3356,3357,3358,3359,3360,3361,3362,3363,3133,3132,3131,3125,3121,3109,3108,3138,2309,1655,3404,3403,2300,1736&#8243; randomize=&#8221;on&#8221; display_gallery_categories=&#8221;on&#8221; gallery_categories=&#8221;33,34,36,35&#8243; gallery_categories_all_text=&#8221;ALL PICTURES&#8221; gallery_buttons_background=&#8221;rgba(138,120,74,0.66)&#8221; gallery_buttons_background_active=&#8221;#8a784a&#8221; filter_padding=&#8221;15px|20px|15px|15px|true|false&#8221; _builder_version=&#8221;4.22.2&#8243; _module_preset=&#8221;default&#8221; hover_enabled=&#8221;0&#8243; border_width_all_filter=&#8221;2px&#8221; border_color_all_filter=&#8221;#FFFFFF&#8221; box_shadow_style_filter=&#8221;preset3&#8243; global_colors_info=&#8221;{}&#8221; sticky_enabled=&#8221;0&#8243;][\/dmg_masonry_gallery][\/et_pb_column][\/et_pb_row][\/et_pb_section]<\/p>\n","protected":false},"excerpt":{"rendered":"<p>Welcome to take a look!<div class=\"et_pb_with_border et_pb_module dmg_masonry_gallery dmg_masonry_gallery_0\">\n\t\t\t\t\n\t\t\t\t\n\t\t\t\t\n\t\t\t\t\n\t\t\t\t\n\t\t\t\t\n\t\t\t\t<div class=\"et_pb_module_inner\">\n\t\t\t\t\t\n\t\t\t<div class=\"dmg-gallery-wrapper\">\n\t\t\t\t<div class=\"dmg-gallery-filter-container\">\n          \t\t\t\t\t\t<ul class=\"dmg-gallery-filter-categories\">\n\t\t\t\t\t\t            <li data-value=\"\" class=\"dmg-gallery-filter dmg-filter-active\">ALL PICTURES<\/li><li data-value=\"33\" class=\"dmg-gallery-filter\">Bistro<\/li><li data-value=\"36\" class=\"dmg-gallery-filter\">Hotell<\/li><li data-value=\"35\" class=\"dmg-gallery-filter\">Konferens<\/li><li data-value=\"34\" class=\"dmg-gallery-filter\">Restaurang<\/li>\n          \t\t\t\t\t\t<\/ul>\n        \t\t\t\t\t<\/div>\n\t\t\t\t<div class=\"dmg-gallery dmg-modal-gallery  dmg-zoom-gallery\">\n\t\t\t\t\t<div class=\"dmg-gallery-sizer\"><\/div>\n\t\t\t\t\t<div class=\"dmg-gutter-sizer\"><\/div>\n\t\t\t\t\t\n\t\t\t\t\t\t\t<a data-width=\"600\" data-height=\"600\" href=\"https:\/\/www.herrljungahotell.se\/wp-content\/uploads\/Restaurant-mini-3.jpg\"  data-categories=\"\" class=\"dmg_masonry_gallery_item \" >\n\t\t\t\t\t\t\t\t<img class=\"lazyload\" alt=\"\" data-src=\"https:\/\/www.herrljungahotell.se\/wp-content\/uploads\/Restaurant-mini-3.jpg\" width=\"600\" height=\"600\" \/>\n\t\t\t\t\t\t\t\t<span class=\"et_overlay\"><\/span>\n\t\t\t\t\t\t\t<\/a>\n\t\t\t\t\t\t\t\n\t\t\t\t\t\t\t<a data-width=\"980\" data-height=\"653\" href=\"https:\/\/www.herrljungahotell.se\/wp-content\/uploads\/7583878960_IMG_2090.jpg\"  data-categories=\"\" class=\"dmg_masonry_gallery_item \" >\n\t\t\t\t\t\t\t\t<img class=\"lazyload\" alt=\"\" data-src=\"https:\/\/www.herrljungahotell.se\/wp-content\/uploads\/7583878960_IMG_2090.jpg\" width=\"980\" height=\"653\" \/>\n\t\t\t\t\t\t\t\t<span class=\"et_overlay\"><\/span>\n\t\t\t\t\t\t\t<\/a>\n\t\t\t\t\t\t\t\n\t\t\t\t\t\t\t<a data-width=\"980\" data-height=\"642\" href=\"https:\/\/www.herrljungahotell.se\/wp-content\/uploads\/Aroma-01-1920x1080.jpg\"  data-categories=\"\" class=\"dmg_masonry_gallery_item \" >\n\t\t\t\t\t\t\t\t<img class=\"lazyload\" alt=\"\" data-src=\"https:\/\/www.herrljungahotell.se\/wp-content\/uploads\/Aroma-01-1920x1080.jpg\" width=\"980\" height=\"642\" \/>\n\t\t\t\t\t\t\t\t<span class=\"et_overlay\"><\/span>\n\t\t\t\t\t\t\t<\/a>\n\t\t\t\t\t\t\t\n\t\t\t\t\t\t\t<a data-width=\"980\" data-height=\"692\" href=\"https:\/\/www.herrljungahotell.se\/wp-content\/uploads\/Image-595x420-09.jpg\"  data-categories=\"\" class=\"dmg_masonry_gallery_item \" >\n\t\t\t\t\t\t\t\t<img class=\"lazyload\" alt=\"\" data-src=\"https:\/\/www.herrljungahotell.se\/wp-content\/uploads\/Image-595x420-09.jpg\" width=\"980\" height=\"692\" \/>\n\t\t\t\t\t\t\t\t<span class=\"et_overlay\"><\/span>\n\t\t\t\t\t\t\t<\/a>\n\t\t\t\t\t\t\t\n\t\t\t\t\t\t\t<a data-width=\"980\" data-height=\"692\" href=\"https:\/\/www.herrljungahotell.se\/wp-content\/uploads\/Image-595x420-10.jpg\"  data-categories=\"\" class=\"dmg_masonry_gallery_item \" >\n\t\t\t\t\t\t\t\t<img class=\"lazyload\" alt=\"\" data-src=\"https:\/\/www.herrljungahotell.se\/wp-content\/uploads\/Image-595x420-10.jpg\" width=\"980\" height=\"692\" \/>\n\t\t\t\t\t\t\t\t<span class=\"et_overlay\"><\/span>\n\t\t\t\t\t\t\t<\/a>\n\t\t\t\t\t\t\t\n\t\t\t\t\t\t\t<a data-width=\"980\" data-height=\"593\" href=\"https:\/\/www.herrljungahotell.se\/wp-content\/uploads\/Bistro-1-760x400.jpg\"  data-categories=\"\" class=\"dmg_masonry_gallery_item \" >\n\t\t\t\t\t\t\t\t<img class=\"lazyload\" alt=\"\" data-src=\"https:\/\/www.herrljungahotell.se\/wp-content\/uploads\/Bistro-1-760x400.jpg\" width=\"980\" height=\"593\" \/>\n\t\t\t\t\t\t\t\t<span class=\"et_overlay\"><\/span>\n\t\t\t\t\t\t\t<\/a>\n\t\t\t\t\t\t\t\n\t\t\t\t\t\t\t<a data-width=\"980\" data-height=\"692\" href=\"https:\/\/www.herrljungahotell.se\/wp-content\/uploads\/Image-595x420-03.jpg\"  data-categories=\"\" class=\"dmg_masonry_gallery_item \" >\n\t\t\t\t\t\t\t\t<img class=\"lazyload\" alt=\"\" data-src=\"https:\/\/www.herrljungahotell.se\/wp-content\/uploads\/Image-595x420-03.jpg\" width=\"980\" height=\"692\" \/>\n\t\t\t\t\t\t\t\t<span class=\"et_overlay\"><\/span>\n\t\t\t\t\t\t\t<\/a>\n\t\t\t\t\t\t\t\n\t\t\t\t\t\t\t<a data-width=\"980\" data-height=\"692\" href=\"https:\/\/www.herrljungahotell.se\/wp-content\/uploads\/Image-595x420-04.jpg\"  data-categories=\"\" class=\"dmg_masonry_gallery_item \" >\n\t\t\t\t\t\t\t\t<img class=\"lazyload\" alt=\"\" data-src=\"https:\/\/www.herrljungahotell.se\/wp-content\/uploads\/Image-595x420-04.jpg\" width=\"980\" height=\"692\" \/>\n\t\t\t\t\t\t\t\t<span class=\"et_overlay\"><\/span>\n\t\t\t\t\t\t\t<\/a>\n\t\t\t\t\t\t\t\n\t\t\t\t\t\t\t<a data-width=\"980\" data-height=\"516\" href=\"https:\/\/www.herrljungahotell.se\/wp-content\/uploads\/Homepage-hotell-760x400.jpg\"  data-categories=\"\" class=\"dmg_masonry_gallery_item \" >\n\t\t\t\t\t\t\t\t<img class=\"lazyload\" alt=\"\" data-src=\"https:\/\/www.herrljungahotell.se\/wp-content\/uploads\/Homepage-hotell-760x400.jpg\" width=\"980\" height=\"516\" \/>\n\t\t\t\t\t\t\t\t<span class=\"et_overlay\"><\/span>\n\t\t\t\t\t\t\t<\/a>\n\t\t\t\t\t\t\t\n\t\t\t\t\t\t\t<a data-width=\"980\" data-height=\"692\" href=\"https:\/\/www.herrljungahotell.se\/wp-content\/uploads\/Image-595x420-05.jpg\"  data-categories=\"\" class=\"dmg_masonry_gallery_item \" >\n\t\t\t\t\t\t\t\t<img class=\"lazyload\" alt=\"\" data-src=\"https:\/\/www.herrljungahotell.se\/wp-content\/uploads\/Image-595x420-05.jpg\" width=\"980\" height=\"692\" \/>\n\t\t\t\t\t\t\t\t<span class=\"et_overlay\"><\/span>\n\t\t\t\t\t\t\t<\/a>\n\t\t\t\t\t\t\t\n\t\t\t\t\t\t\t<a data-width=\"980\" data-height=\"645\" href=\"https:\/\/www.herrljungahotell.se\/wp-content\/uploads\/Homepage-bistro.jpg\"  data-categories=\"\" class=\"dmg_masonry_gallery_item \" >\n\t\t\t\t\t\t\t\t<img class=\"lazyload\" alt=\"\" data-src=\"https:\/\/www.herrljungahotell.se\/wp-content\/uploads\/Homepage-bistro.jpg\" width=\"980\" height=\"645\" \/>\n\t\t\t\t\t\t\t\t<span class=\"et_overlay\"><\/span>\n\t\t\t\t\t\t\t<\/a>\n\t\t\t\t\t\t\t\n\t\t\t\t\t\t\t<a data-width=\"760\" data-height=\"920\" href=\"https:\/\/www.herrljungahotell.se\/wp-content\/uploads\/Bistro-stefan-380x400.jpg\"  data-categories=\"\" class=\"dmg_masonry_gallery_item \" >\n\t\t\t\t\t\t\t\t<img class=\"lazyload\" alt=\"\" data-src=\"https:\/\/www.herrljungahotell.se\/wp-content\/uploads\/Bistro-stefan-380x400.jpg\" width=\"760\" height=\"920\" \/>\n\t\t\t\t\t\t\t\t<span class=\"et_overlay\"><\/span>\n\t\t\t\t\t\t\t<\/a>\n\t\t\t\t\t\t\t\n\t\t\t\t\t\t\t<a data-width=\"980\" data-height=\"733\" href=\"https:\/\/www.herrljungahotell.se\/wp-content\/uploads\/image3lojiiop.jpg\"  data-categories=\"\" class=\"dmg_masonry_gallery_item \" >\n\t\t\t\t\t\t\t\t<img class=\"lazyload\" alt=\"\" data-src=\"https:\/\/www.herrljungahotell.se\/wp-content\/uploads\/image3lojiiop.jpg\" width=\"980\" height=\"733\" \/>\n\t\t\t\t\t\t\t\t<span class=\"et_overlay\"><\/span>\n\t\t\t\t\t\t\t<\/a>\n\t\t\t\t\t\t\t\n\t\t\t\t\t\t\t<a data-width=\"980\" data-height=\"732\" href=\"https:\/\/www.herrljungahotell.se\/wp-content\/uploads\/IMG_0297.jpg\"  data-categories=\"\" class=\"dmg_masonry_gallery_item \" >\n\t\t\t\t\t\t\t\t<img class=\"lazyload\" alt=\"\" data-src=\"https:\/\/www.herrljungahotell.se\/wp-content\/uploads\/IMG_0297.jpg\" width=\"980\" height=\"732\" \/>\n\t\t\t\t\t\t\t\t<span class=\"et_overlay\"><\/span>\n\t\t\t\t\t\t\t<\/a>\n\t\t\t\t\t\t\t\n\t\t\t\t\t\t\t<a data-width=\"980\" data-height=\"645\" href=\"https:\/\/www.herrljungahotell.se\/wp-content\/uploads\/Homepage-besok-oss.jpg\"  data-categories=\"\" class=\"dmg_masonry_gallery_item \" >\n\t\t\t\t\t\t\t\t<img class=\"lazyload\" alt=\"\" data-src=\"https:\/\/www.herrljungahotell.se\/wp-content\/uploads\/Homepage-besok-oss.jpg\" width=\"980\" height=\"645\" \/>\n\t\t\t\t\t\t\t\t<span class=\"et_overlay\"><\/span>\n\t\t\t\t\t\t\t<\/a>\n\t\t\t\t\t\t\t\n\t\t\t\t\t\t\t<a data-width=\"980\" data-height=\"692\" href=\"https:\/\/www.herrljungahotell.se\/wp-content\/uploads\/Image-595x420-08.jpg\"  data-categories=\"\" class=\"dmg_masonry_gallery_item \" >\n\t\t\t\t\t\t\t\t<img class=\"lazyload\" alt=\"\" data-src=\"https:\/\/www.herrljungahotell.se\/wp-content\/uploads\/Image-595x420-08.jpg\" width=\"980\" height=\"692\" \/>\n\t\t\t\t\t\t\t\t<span class=\"et_overlay\"><\/span>\n\t\t\t\t\t\t\t<\/a>\n\t\t\t\t\t\t\t\n\t\t\t\t\t\t\t<a data-width=\"980\" data-height=\"692\" href=\"https:\/\/www.herrljungahotell.se\/wp-content\/uploads\/Image-595x420-07.jpg\"  data-categories=\"\" class=\"dmg_masonry_gallery_item \" >\n\t\t\t\t\t\t\t\t<img class=\"lazyload\" alt=\"\" data-src=\"https:\/\/www.herrljungahotell.se\/wp-content\/uploads\/Image-595x420-07.jpg\" width=\"980\" height=\"692\" \/>\n\t\t\t\t\t\t\t\t<span class=\"et_overlay\"><\/span>\n\t\t\t\t\t\t\t<\/a>\n\t\t\t\t\t\t\t\n\t\t\t\t\t\t\t<a data-width=\"980\" data-height=\"642\" href=\"https:\/\/www.herrljungahotell.se\/wp-content\/uploads\/Aroma-02-1920x1080.jpg\"  data-categories=\"\" class=\"dmg_masonry_gallery_item \" >\n\t\t\t\t\t\t\t\t<img class=\"lazyload\" alt=\"\" data-src=\"https:\/\/www.herrljungahotell.se\/wp-content\/uploads\/Aroma-02-1920x1080.jpg\" width=\"980\" height=\"642\" \/>\n\t\t\t\t\t\t\t\t<span class=\"et_overlay\"><\/span>\n\t\t\t\t\t\t\t<\/a>\n\t\t\t\t\t\t\t\n\t\t\t\t\t\t\t<a data-width=\"600\" data-height=\"600\" href=\"https:\/\/www.herrljungahotell.se\/wp-content\/uploads\/Restaurant-mini-4.jpg\"  data-categories=\"\" class=\"dmg_masonry_gallery_item \" >\n\t\t\t\t\t\t\t\t<img class=\"lazyload\" alt=\"\" data-src=\"https:\/\/www.herrljungahotell.se\/wp-content\/uploads\/Restaurant-mini-4.jpg\" width=\"600\" height=\"600\" \/>\n\t\t\t\t\t\t\t\t<span class=\"et_overlay\"><\/span>\n\t\t\t\t\t\t\t<\/a>\n\t\t\t\t\t\t\t\n\t\t\t\t\t\t\t<a data-width=\"980\" data-height=\"692\" href=\"https:\/\/www.herrljungahotell.se\/wp-content\/uploads\/Image-595x420-02.jpg\"  data-categories=\"\" class=\"dmg_masonry_gallery_item \" >\n\t\t\t\t\t\t\t\t<img class=\"lazyload\" alt=\"\" data-src=\"https:\/\/www.herrljungahotell.se\/wp-content\/uploads\/Image-595x420-02.jpg\" width=\"980\" height=\"692\" \/>\n\t\t\t\t\t\t\t\t<span class=\"et_overlay\"><\/span>\n\t\t\t\t\t\t\t<\/a>\n\t\t\t\t\t\t\t\n\t\t\t\t\t\t\t<a data-width=\"980\" data-height=\"692\" href=\"https:\/\/www.herrljungahotell.se\/wp-content\/uploads\/Image-595x420-01.jpg\"  data-categories=\"\" class=\"dmg_masonry_gallery_item \" >\n\t\t\t\t\t\t\t\t<img class=\"lazyload\" alt=\"\" data-src=\"https:\/\/www.herrljungahotell.se\/wp-content\/uploads\/Image-595x420-01.jpg\" width=\"980\" height=\"692\" \/>\n\t\t\t\t\t\t\t\t<span class=\"et_overlay\"><\/span>\n\t\t\t\t\t\t\t<\/a>\n\t\t\t\t\t\t\t\n\t\t\t\t\t\t\t<a data-width=\"980\" data-height=\"653\" href=\"https:\/\/www.herrljungahotell.se\/wp-content\/uploads\/7583878960_IMG_2035.jpg\"  data-categories=\"\" class=\"dmg_masonry_gallery_item \" >\n\t\t\t\t\t\t\t\t<img class=\"lazyload\" alt=\"\" data-src=\"https:\/\/www.herrljungahotell.se\/wp-content\/uploads\/7583878960_IMG_2035.jpg\" width=\"980\" height=\"653\" \/>\n\t\t\t\t\t\t\t\t<span class=\"et_overlay\"><\/span>\n\t\t\t\t\t\t\t<\/a>\n\t\t\t\t\t\t\t\n\t\t\t\t\t\t\t<a data-width=\"980\" data-height=\"692\" href=\"https:\/\/www.herrljungahotell.se\/wp-content\/uploads\/Image-595x420-06.jpg\"  data-categories=\"\" class=\"dmg_masonry_gallery_item \" >\n\t\t\t\t\t\t\t\t<img class=\"lazyload\" alt=\"\" data-src=\"https:\/\/www.herrljungahotell.se\/wp-content\/uploads\/Image-595x420-06.jpg\" width=\"980\" height=\"692\" \/>\n\t\t\t\t\t\t\t\t<span class=\"et_overlay\"><\/span>\n\t\t\t\t\t\t\t<\/a>\n\t\t\t\t\t\t\t\n\t\t\t\t\t\t\t<a data-width=\"600\" data-height=\"600\" href=\"https:\/\/www.herrljungahotell.se\/wp-content\/uploads\/Restaurant-mini-2.jpg\"  data-categories=\"\" class=\"dmg_masonry_gallery_item \" >\n\t\t\t\t\t\t\t\t<img class=\"lazyload\" alt=\"\" data-src=\"https:\/\/www.herrljungahotell.se\/wp-content\/uploads\/Restaurant-mini-2.jpg\" width=\"600\" height=\"600\" \/>\n\t\t\t\t\t\t\t\t<span class=\"et_overlay\"><\/span>\n\t\t\t\t\t\t\t<\/a>\n\t\t\t\t\t\t\t\n\t  \t\t\t<\/div>\n\t  \t\t\t\n  \t\t\t<\/div>\n  \t\t\t\n\t\t\t\t<\/div>\n\t\t\t<\/div><\/p>\n","protected":false},"author":7,"featured_media":0,"parent":0,"menu_order":0,"comment_status":"closed","ping_status":"closed","template":"","meta":{"_et_pb_use_builder":"on","_et_pb_old_content":"<h1 style=\"text-align: center;\">V\u00e4lkommen att ta en titt<\/h1>\n<h5 style=\"text-align: center;\">Vi hoppas och tror att ni kommer hitta n\u00e5got ni gillar\n- skrolla ner f\u00f6r en inblick i v\u00e5r v\u00e4rld!<\/h5>\n[gallery link=\"file\" size=\"medium\" columns=\"2\" ids=\"2619,2612,2622,2316,2309,1655,2308,2310,3132,3121,3135,3131,3109,3133,2621,2312,2634,2620,2618,2617,2633,2616,2615,2611,2610,2609,2606,2322,2608,2297,2299,2294,2290,2732,2736,2614,2733,2737,2625,2305,2304,2607\"]\n<p style=\"text-align: center;\"><img class=\"wp-image-2619 size-large aligncenter\" src=\"http:\/\/www.herrljungahotell.se\/wp-content\/uploads\/IMG_2266-1024x768.jpg\" alt=\"IMG_2266\" width=\"760\" height=\"570\"><\/p>\n\n<h1 style=\"text-align: center;\">V\u00e4lkommen till oss<\/h1>","_et_gb_content_width":"2880","footnotes":""},"class_list":["post-5194","page","type-page","status-publish","hentry"],"_links":{"self":[{"href":"https:\/\/www.herrljungahotell.se\/en\/wp-json\/wp\/v2\/pages\/5194","targetHints":{"allow":["GET"]}}],"collection":[{"href":"https:\/\/www.herrljungahotell.se\/en\/wp-json\/wp\/v2\/pages"}],"about":[{"href":"https:\/\/www.herrljungahotell.se\/en\/wp-json\/wp\/v2\/types\/page"}],"author":[{"embeddable":true,"href":"https:\/\/www.herrljungahotell.se\/en\/wp-json\/wp\/v2\/users\/7"}],"replies":[{"embeddable":true,"href":"https:\/\/www.herrljungahotell.se\/en\/wp-json\/wp\/v2\/comments?post=5194"}],"version-history":[{"count":1,"href":"https:\/\/www.herrljungahotell.se\/en\/wp-json\/wp\/v2\/pages\/5194\/revisions"}],"predecessor-version":[{"id":5196,"href":"https:\/\/www.herrljungahotell.se\/en\/wp-json\/wp\/v2\/pages\/5194\/revisions\/5196"}],"wp:attachment":[{"href":"https:\/\/www.herrljungahotell.se\/en\/wp-json\/wp\/v2\/media?parent=5194"}],"curies":[{"name":"wp","href":"https:\/\/api.w.org\/{rel}","templated":true}]}}